{"id":6,"date":"2014-05-11T17:56:46","date_gmt":"2014-05-11T15:56:46","guid":{"rendered":"http:\/\/julioymonika.com\/?page_id=6"},"modified":"2014-05-11T18:03:15","modified_gmt":"2014-05-11T16:03:15","slug":"portada","status":"publish","type":"page","link":"https:\/\/julioymonika.com\/pl\/","title":{"rendered":"Portada"},"content":{"rendered":"<section id='portada' class='stag-custom-widget-area '><aside id=\"stag_wedding_intro-3\" class=\"widget wedding-intro\">\n\t\t<!-- BEGIN #intro -->\n\t\t<section id=\"intro\">\n\t\t    \t\t    <script>\n\t\t    jQuery(document).ready(function($){\n\t\t        $('#intro .wedding-couple-wrap').backstretch([\"http:\/\/julioymonika.com\/wp-content\/uploads\/2014\/05\/Boda_11.jpg\",\"http:\/\/julioymonika.com\/wp-content\/uploads\/2014\/05\/Boda_37.jpg\"], {duration: 3000, fade: 750});\n\t\t    });\n\t\t    <\/script>\n\n\t\t    \t\t    <div class=\"wedding-couple-wrap\">\n\n\t\t        <div class=\"wedding-couple-info\">\n\n\t\t            <div class=\"person-info\">\n\t\t                <div class=\"info-header clearfix\">\n\t\t                    <img src='http:\/\/julioymonika.com\/wp-content\/uploads\/2014\/05\/minimoni.jpg' class='person-avatar' alt='monika'><h2>monika<\/h2><p>piszczelok<\/p>\t\t                <\/div>\n\t\t                <p class='person-bio'>22\/07\/1977 - Siemianowice-Slaskie<\/p>\t\t            <\/div>\n\n\t\t            <div class=\"person-info\">\n\t\t                <div class=\"info-header clearfix\">\n\t\t                    <img src='http:\/\/julioymonika.com\/wp-content\/uploads\/2014\/05\/minijulio.jpg' class='person-avatar' alt='julio'><h2>julio<\/h2><p>de la iglesia<\/p>\t\t                <\/div>\n\t\t                <p class='person-bio'>31\/03\/1975 - Salamanka<\/p>\t\t            <\/div>\n\n\t\t        <\/div>\n\n\t\t        <!-- END .wedding-couple-wrap -->\n\t\t    <\/div>\n\n\t\t    <h2 class=\"news\"><\/h2>\n\t\t    <h3 class='accent-color'><span class=\"day-date accent-color\">sobota 18<\/span> <span class=\"month\">pa\u017adziernik<\/span> <span class=\"year accent-color\">2014<\/span><\/h3>\n\n\t\t    <!-- END #intro -->\n\t\t<\/section>\n\n\t\t<\/aside><aside id=\"stag_widget_static_content-3\" class=\"widget stag_widget_static_content\">\t\t<section class=\"inner-section\">\n\n\t\t\t\t\t\t\t\t\t\t\t\t<article id=\"post-31\" class=\"post-31 page type-page status-publish hentry\" itemscope=\"itemscope\" itemtype=\"http:\/\/schema.org\/CreativeWork\" data-bg-color=\"#c7c4a3\" data-bg-image=\"\" data-bg-opacity=\"20\" data-text-color=\"#ffffff\" data-link-color=\"#f8f8f8\">\n\t\t\t\t\t\t\n\t\t\t\t\t\t<div class=\"entry-content\" itemprop=\"text\">\n\t\t\t\t\t\t\t<h1 style=\"text-align: center;\">&#8220;Z ca\u0142\u0105 pilno\u015bci\u0105 strze\u017c swojego serca,<br \/>bo \u017cycie ma tam swoje \u017ar\u00f3d\u0142o&#8221; (Prz 4:23)<\/h1>\n\t\t\t\t\t\t<\/div>\n\t\t\t\t\t<\/article>\n\t\t\t\t\t\t\t\n\t\t<\/section>\n\n\t\t<\/aside><aside id=\"stag_wedding_event-2\" class=\"widget wedding-event\">\n\t\t<!-- BEGIN #event -->\n\t\t<section id=\"event\" class=\"section-block\">\n\n\t\t\t<div class=\"inner-block\">\n\t\t\t\t<h2 class=\"section-title\">Gdzie i kiedy?<\/h2>\n\t\t\t\t<h4 class=\"sub-title\"><span class=\"day-date accent-color\">sobota 18<\/span> <span class=\"month\">pa\u017adziernik<\/span> <span class=\"year accent-color\">2014<\/span><\/h4>\n\n\t\t\t\t<p class='welcome-text'>Tutaj znajdziesz wi\u0119cej informacji na temat miejsc na naszym \u015blubie<\/p>\n\t\t\t\t<div class=\"all-events grids\">\n\t\t\t\t\t\n\t\t\t\t\t<div class=\"event grid-6\">\n\t\t\t\t\t\t\t\t\t\t\t\t\t<img class=\"wedding-cover\" src=\"http:\/\/julioymonika.com\/wp-content\/uploads\/2014\/05\/iglesia-general.jpg\" alt=\"Ceremonia\">\n\t\t\t\t\t\t\n\t\t\t\t\t\t<div class=\"event-details accent-background\">\n\t\t\t\t\t\t\t<h3>Ceremonia<\/h3>\n\n\t\t\t\t\t\t\t<div class=\"event-time\">\n\t\t\t\t\t\t\t\t\t\t\t\t\t\t\t\t\t<span class=\"the-block\">\n\t\t\t\t\t\t\t\t\t\t<i class=\"icon icon-event_date\"><\/i>\n\t\t\t\t\t\t\t\t\t\t<span>sobota 18 pa\u017adziernika 2014<\/span>\n\t\t\t\t\t\t\t\t\t<\/span>\n\t\t\t\t\t\t\t\t\n\t\t\t\t\t\t\t\t\t\t\t\t\t\t\t\t\t<span class=\"the-block\">\n\t\t\t\t\t\t\t\t\t\t<i class=\"icon icon-event_time\"><\/i>\n\t\t\t\t\t\t\t\t\t\t<span>13:00h<\/span>\n\t\t\t\t\t\t\t\t\t<\/span>\n\t\t\t\t\t\t\t\t\t\t\t\t\t\t\t<\/div>\n\t\t\t\t\t\t<\/div>\n\n\t\t\t\t\t\t<a class=\"button\" href=\"https:\/\/julioymonika.com\/pl\/events\/la-ceremonia\/\" rel=\"bookmark\" title=\"Permanent Link to Ceremonia\">Dowiedz si\u0119 wi\u0119cej<\/a>\n\t\t\t\t\t<\/div>\n\n\t\t\t\t\t\n\t\t\t\t\t<div class=\"event grid-6\">\n\t\t\t\t\t\t\t\t\t\t\t\t\t<img class=\"wedding-cover\" src=\"http:\/\/julioymonika.com\/wp-content\/uploads\/2014\/05\/restaurante.jpg\" alt=\"Bankietowa\">\n\t\t\t\t\t\t\n\t\t\t\t\t\t<div class=\"event-details accent-background\">\n\t\t\t\t\t\t\t<h3>Bankietowa<\/h3>\n\n\t\t\t\t\t\t\t<div class=\"event-time\">\n\t\t\t\t\t\t\t\t\t\t\t\t\t\t\t\t\t<span class=\"the-block\">\n\t\t\t\t\t\t\t\t\t\t<i class=\"icon icon-event_date\"><\/i>\n\t\t\t\t\t\t\t\t\t\t<span>sobota 18 pa\u017adziernika 2014<\/span>\n\t\t\t\t\t\t\t\t\t<\/span>\n\t\t\t\t\t\t\t\t\n\t\t\t\t\t\t\t\t\t\t\t\t\t\t\t\t\t<span class=\"the-block\">\n\t\t\t\t\t\t\t\t\t\t<i class=\"icon icon-event_time\"><\/i>\n\t\t\t\t\t\t\t\t\t\t<span>15:00h<\/span>\n\t\t\t\t\t\t\t\t\t<\/span>\n\t\t\t\t\t\t\t\t\t\t\t\t\t\t\t<\/div>\n\t\t\t\t\t\t<\/div>\n\n\t\t\t\t\t\t<a class=\"button\" href=\"https:\/\/julioymonika.com\/pl\/events\/el-banquete\/\" rel=\"bookmark\" title=\"Permanent Link to Bankietowa\">Dowiedz si\u0119 wi\u0119cej<\/a>\n\t\t\t\t\t<\/div>\n\n\t\t\t\t\t\n\t\t\t\t\t<div class=\"event grid-6\">\n\t\t\t\t\t\t\t\t\t\t\t\t\t<img class=\"wedding-cover\" src=\"http:\/\/julioymonika.com\/wp-content\/uploads\/2014\/05\/libet.jpg\" alt=\"Bankietowa z Salamanka\">\n\t\t\t\t\t\t\n\t\t\t\t\t\t<div class=\"event-details accent-background\">\n\t\t\t\t\t\t\t<h3>Bankietowa z Salamanka<\/h3>\n\n\t\t\t\t\t\t\t<div class=\"event-time\">\n\t\t\t\t\t\t\t\t\t\t\t\t\t\t\t\t\t<span class=\"the-block\">\n\t\t\t\t\t\t\t\t\t\t<i class=\"icon icon-event_date\"><\/i>\n\t\t\t\t\t\t\t\t\t\t<span>sobota 01 listopada 2014<\/span>\n\t\t\t\t\t\t\t\t\t<\/span>\n\t\t\t\t\t\t\t\t\n\t\t\t\t\t\t\t\t\t\t\t\t\t\t\t\t\t<span class=\"the-block\">\n\t\t\t\t\t\t\t\t\t\t<i class=\"icon icon-event_time\"><\/i>\n\t\t\t\t\t\t\t\t\t\t<span>14:00h<\/span>\n\t\t\t\t\t\t\t\t\t<\/span>\n\t\t\t\t\t\t\t\t\t\t\t\t\t\t\t<\/div>\n\t\t\t\t\t\t<\/div>\n\n\t\t\t\t\t\t<a class=\"button\" href=\"https:\/\/julioymonika.com\/pl\/events\/banquete-en-salamanca\/\" rel=\"bookmark\" title=\"Permanent Link to Bankietowa z Salamanka\">Dowiedz si\u0119 wi\u0119cej<\/a>\n\t\t\t\t\t<\/div>\n\n\t\t\t\t\t\t\t\t\t<\/div>\n\n\t\t\t\t<!-- END .inner-block -->\n\t\t\t<\/div>\n\n\t\t\t<!-- END #event -->\n\t\t<\/section>\n\n\t\t<\/aside><aside id=\"stag_recent_post-2\" class=\"widget stag-recent-post\">\n\t\t<!-- BEGIN #blog -->\n\t\t<section id=\"blog\" class=\"section-block\">\n\n\t\t\t<div class=\"inner-block\">\n\t\t\t\t<h2 class=\"section-title\">Nasz blog<\/h2>\n\t\t\t\t<h4 class='sub-title'>Najnowsze na nasz \u015blub!<\/h4>\t\t\t\t<div class=\"all-posts\">\n\t\t\t\t\t\t\t\t\t\t<article id=\"post-322\" class=\"post-322 post type-post status-publish format-standard has-post-thumbnail hentry category-general\">\n\t\t\t\t\t\t\t\t\t\t\t\t\t<div class=\"post-thumb\">\n\t\t\t\t\t\t\t\t<img width=\"1800\" height=\"1198\" src=\"https:\/\/julioymonika.com\/wp-content\/uploads\/2014\/11\/Boda_21.jpg\" class=\"attachment-full size-full wp-post-image\" alt=\"\" loading=\"lazy\" srcset=\"https:\/\/julioymonika.com\/wp-content\/uploads\/2014\/11\/Boda_21.jpg 1800w, https:\/\/julioymonika.com\/wp-content\/uploads\/2014\/11\/Boda_21-300x199.jpg 300w, https:\/\/julioymonika.com\/wp-content\/uploads\/2014\/11\/Boda_21-1024x681.jpg 1024w, https:\/\/julioymonika.com\/wp-content\/uploads\/2014\/11\/Boda_21-170x113.jpg 170w\" sizes=\"(max-width: 1800px) 100vw, 1800px\" \/>\t\t\t\t\t\t\t<\/div>\n\t\t\t\t\t\t\n\t\t\t\t\t\t<div class=\"entry-meta entry-header grids\">\n\t\t\t\t\t\t\t<span class=\"grid-3 author\"><i class=\"icon icon-author\"><\/i><span>Wys\u0142any przez <\/span><a href=\"https:\/\/julioymonika.com\/pl\/author\/desafioadmin\/\" title=\"Wpisy od Julio\" rel=\"author\">Julio<\/a><\/span>\n\t\t\t\t\t\t\t<span class=\"grid-3 category\"><i class=\"icon icon-categories\"><\/i><span>w kategorii <\/span><a href=\"https:\/\/julioymonika.com\/pl\/category\/general\/\" rel=\"category tag\">General<\/a><\/span>\n\t\t\t\t\t\t\t<span class=\"grid-3 date\"><i class=\"icon icon-date\"><\/i><span>15\/11\/2014<\/span><\/span>\n\t\t\t\t\t\t\t<span class=\"grid-3 comments\"><i class=\"icon icon-comments\"><\/i><span>5 Komentarze<\/span><\/span>\n\t\t\t\t\t\t<\/div>\n\n\t\t\t\t\t\t<h2 class=\"entry-title\"><a href=\"https:\/\/julioymonika.com\/pl\/mini-video-con-las-fotos-oficiales\/\" rel=\"bookmark\" title=\"Permanent Link to Minivideo z zdj\u0119ciami slubnymi\">Minivideo z zdj\u0119ciami slubnymi<\/a><\/h2>\n\n\t\t\t\t\t\t<div class=\"entry-content\">\n\t\t\t\t\t\t\t\t\t\t\t\t\t<\/div>\n\t\t\t\t\t<\/article>\n\t\t\t\t\t\t\t\t\t\t<article id=\"post-274\" class=\"post-274 post type-post status-publish format-standard has-post-thumbnail hentry category-general\">\n\t\t\t\t\t\t\t\t\t\t\t\t\t<div class=\"post-thumb\">\n\t\t\t\t\t\t\t\t<img width=\"1280\" height=\"960\" src=\"https:\/\/julioymonika.com\/wp-content\/uploads\/2014\/10\/IMG_8673-0.jpg\" class=\"attachment-full size-full wp-post-image\" alt=\"\" loading=\"lazy\" srcset=\"https:\/\/julioymonika.com\/wp-content\/uploads\/2014\/10\/IMG_8673-0.jpg 1280w, https:\/\/julioymonika.com\/wp-content\/uploads\/2014\/10\/IMG_8673-0-300x225.jpg 300w, https:\/\/julioymonika.com\/wp-content\/uploads\/2014\/10\/IMG_8673-0-1024x768.jpg 1024w, https:\/\/julioymonika.com\/wp-content\/uploads\/2014\/10\/IMG_8673-0-170x127.jpg 170w\" sizes=\"(max-width: 1280px) 100vw, 1280px\" \/>\t\t\t\t\t\t\t<\/div>\n\t\t\t\t\t\t\n\t\t\t\t\t\t<div class=\"entry-meta entry-header grids\">\n\t\t\t\t\t\t\t<span class=\"grid-3 author\"><i class=\"icon icon-author\"><\/i><span>Wys\u0142any przez <\/span><a href=\"https:\/\/julioymonika.com\/pl\/author\/desafioadmin\/\" title=\"Wpisy od Julio\" rel=\"author\">Julio<\/a><\/span>\n\t\t\t\t\t\t\t<span class=\"grid-3 category\"><i class=\"icon icon-categories\"><\/i><span>w kategorii <\/span><a href=\"https:\/\/julioymonika.com\/pl\/category\/general\/\" rel=\"category tag\">General<\/a><\/span>\n\t\t\t\t\t\t\t<span class=\"grid-3 date\"><i class=\"icon icon-date\"><\/i><span>18\/10\/2014<\/span><\/span>\n\t\t\t\t\t\t\t<span class=\"grid-3 comments\"><i class=\"icon icon-comments\"><\/i><span>5 Komentarze<\/span><\/span>\n\t\t\t\t\t\t<\/div>\n\n\t\t\t\t\t\t<h2 class=\"entry-title\"><a href=\"https:\/\/julioymonika.com\/pl\/el-gran-dia\/\" rel=\"bookmark\" title=\"Permanent Link to El gran d\u00eda!\">El gran d\u00eda!<\/a><\/h2>\n\n\t\t\t\t\t\t<div class=\"entry-content\">\n\t\t\t\t\t\t\t<p>Przepraszamy, ten wpis jest dost\u0119pny tylko w j\u0119zyku Europejski Hiszpa\u0144ski.<\/p>\n\t\t\t\t\t\t<\/div>\n\t\t\t\t\t<\/article>\n\t\t\t\t\t\t\t\t\t\t<article id=\"post-259\" class=\"post-259 post type-post status-publish format-standard has-post-thumbnail hentry category-general\">\n\t\t\t\t\t\t\t\t\t\t\t\t\t<div class=\"post-thumb\">\n\t\t\t\t\t\t\t\t<img width=\"2048\" height=\"1536\" src=\"https:\/\/julioymonika.com\/wp-content\/uploads\/2014\/10\/image.jpg\" class=\"attachment-full size-full wp-post-image\" alt=\"\" loading=\"lazy\" srcset=\"https:\/\/julioymonika.com\/wp-content\/uploads\/2014\/10\/image.jpg 2048w, https:\/\/julioymonika.com\/wp-content\/uploads\/2014\/10\/image-300x225.jpg 300w, https:\/\/julioymonika.com\/wp-content\/uploads\/2014\/10\/image-1024x768.jpg 1024w, https:\/\/julioymonika.com\/wp-content\/uploads\/2014\/10\/image-170x127.jpg 170w\" sizes=\"(max-width: 2048px) 100vw, 2048px\" \/>\t\t\t\t\t\t\t<\/div>\n\t\t\t\t\t\t\n\t\t\t\t\t\t<div class=\"entry-meta entry-header grids\">\n\t\t\t\t\t\t\t<span class=\"grid-3 author\"><i class=\"icon icon-author\"><\/i><span>Wys\u0142any przez <\/span><a href=\"https:\/\/julioymonika.com\/pl\/author\/desafioadmin\/\" title=\"Wpisy od Julio\" rel=\"author\">Julio<\/a><\/span>\n\t\t\t\t\t\t\t<span class=\"grid-3 category\"><i class=\"icon icon-categories\"><\/i><span>w kategorii <\/span><a href=\"https:\/\/julioymonika.com\/pl\/category\/general\/\" rel=\"category tag\">General<\/a><\/span>\n\t\t\t\t\t\t\t<span class=\"grid-3 date\"><i class=\"icon icon-date\"><\/i><span>17\/10\/2014<\/span><\/span>\n\t\t\t\t\t\t\t<span class=\"grid-3 comments\"><i class=\"icon icon-comments\"><\/i><span>2 Komentarze<\/span><\/span>\n\t\t\t\t\t\t<\/div>\n\n\t\t\t\t\t\t<h2 class=\"entry-title\"><a href=\"https:\/\/julioymonika.com\/pl\/excursion-a-cracovia-y-cena-conjunta\/\" rel=\"bookmark\" title=\"Permanent Link to (Espa\u00f1ol) Excursi\u00f3n a Cracovia y cena conjunta\">(Espa\u00f1ol) Excursi\u00f3n a Cracovia y cena conjunta<\/a><\/h2>\n\n\t\t\t\t\t\t<div class=\"entry-content\">\n\t\t\t\t\t\t\t<p>Przepraszamy, ten wpis jest dost\u0119pny tylko w j\u0119zyku Europejski Hiszpa\u0144ski.<\/p>\n\t\t\t\t\t\t<\/div>\n\t\t\t\t\t<\/article>\n\t\t\t\t\t\n\t\t\t\t<\/div><!-- .all-posts -->\n\n\t\t\t\t<div class=\"center\">\n\t\t\t\t\t<a href=\"https:\/\/julioymonika.com\/pl\/blog\/\" class=\"button accent-background\">Id\u017a do bloga<\/a>\n\t\t\t\t<\/div>\n\n\t\t\t\t\t\t\t\t\t\t\t\t<!-- END .inner-block -->\n\t\t\t<\/div>\n\n\t\t\t<!-- END #blog -->\n\t\t<\/section>\n\n\t\t<\/aside><\/section>\n","protected":false},"excerpt":{"rendered":"","protected":false},"author":1,"featured_media":0,"parent":0,"menu_order":0,"comment_status":"open","ping_status":"open","template":"widgetized.php","meta":{"_s2mail":""},"_links":{"self":[{"href":"https:\/\/julioymonika.com\/pl\/wp-json\/wp\/v2\/pages\/6"}],"collection":[{"href":"https:\/\/julioymonika.com\/pl\/wp-json\/wp\/v2\/pages"}],"about":[{"href":"https:\/\/julioymonika.com\/pl\/wp-json\/wp\/v2\/types\/page"}],"author":[{"embeddable":true,"href":"https:\/\/julioymonika.com\/pl\/wp-json\/wp\/v2\/users\/1"}],"replies":[{"embeddable":true,"href":"https:\/\/julioymonika.com\/pl\/wp-json\/wp\/v2\/comments?post=6"}],"version-history":[{"count":2,"href":"https:\/\/julioymonika.com\/pl\/wp-json\/wp\/v2\/pages\/6\/revisions"}],"predecessor-version":[{"id":11,"href":"https:\/\/julioymonika.com\/pl\/wp-json\/wp\/v2\/pages\/6\/revisions\/11"}],"wp:attachment":[{"href":"https:\/\/julioymonika.com\/pl\/wp-json\/wp\/v2\/media?parent=6"}],"curies":[{"name":"wp","href":"https:\/\/api.w.org\/{rel}","templated":true}]}}