{"id":39,"date":"2014-05-11T21:18:15","date_gmt":"2014-05-11T19:18:15","guid":{"rendered":"http:\/\/julioymonika.com\/?page_id=39"},"modified":"2014-05-12T01:10:14","modified_gmt":"2014-05-11T23:10:14","slug":"libro-de-firmas","status":"publish","type":"page","link":"https:\/\/julioymonika.com\/pl\/libro-de-firmas\/","title":{"rendered":"Ksi\u0119ga go\u015bci"},"content":{"rendered":"<p>Nos encantar\u00eda que nos dej\u00e1seis vuestros comentarios y buenos prop\u00f3sitos! Gracias!<\/p>\n","protected":false},"excerpt":{"rendered":"<p>Nos encantar\u00eda que nos dej\u00e1seis vuestros comentarios y buenos prop\u00f3sitos! Gracias!<\/p>\n","protected":false},"author":1,"featured_media":0,"parent":0,"menu_order":0,"comment_status":"open","ping_status":"closed","template":"page-templates\/template-guestbook.php","meta":{"_s2mail":""},"_links":{"self":[{"href":"https:\/\/julioymonika.com\/pl\/wp-json\/wp\/v2\/pages\/39"}],"collection":[{"href":"https:\/\/julioymonika.com\/pl\/wp-json\/wp\/v2\/pages"}],"about":[{"href":"https:\/\/julioymonika.com\/pl\/wp-json\/wp\/v2\/types\/page"}],"author":[{"embeddable":true,"href":"https:\/\/julioymonika.com\/pl\/wp-json\/wp\/v2\/users\/1"}],"replies":[{"embeddable":true,"href":"https:\/\/julioymonika.com\/pl\/wp-json\/wp\/v2\/comments?post=39"}],"version-history":[{"count":2,"href":"https:\/\/julioymonika.com\/pl\/wp-json\/wp\/v2\/pages\/39\/revisions"}],"predecessor-version":[{"id":77,"href":"https:\/\/julioymonika.com\/pl\/wp-json\/wp\/v2\/pages\/39\/revisions\/77"}],"wp:attachment":[{"href":"https:\/\/julioymonika.com\/pl\/wp-json\/wp\/v2\/media?parent=39"}],"curies":[{"name":"wp","href":"https:\/\/api.w.org\/{rel}","templated":true}]}}