{"id":156,"date":"2014-09-24T20:34:57","date_gmt":"2014-09-24T18:34:57","guid":{"rendered":"http:\/\/julioymonika.com\/?page_id=156"},"modified":"2014-10-11T14:33:55","modified_gmt":"2014-10-11T12:33:55","slug":"confirmacion-de-asistencia","status":"publish","type":"page","link":"https:\/\/julioymonika.com\/pl\/confirmacion-de-asistencia\/","title":{"rendered":"Potwierdzenie"},"content":{"rendered":"<p><\/p>\n<div style=\"margin:90px 0; text-align:center;\">Przepraszamy, ten wpis jest dost\u0119pny tylko w j\u0119zyku Hiszpa\u0144skim.<\/div>\n<p><\/p>","protected":false},"excerpt":{"rendered":"<p>Przepraszamy, ten wpis jest dost\u0119pny tylko w j\u0119zyku Hiszpa\u0144skim.<\/p>\n","protected":false},"author":1,"featured_media":0,"parent":0,"menu_order":0,"comment_status":"open","ping_status":"closed","template":"widgetized.php","meta":{"_s2mail":"yes"},"_links":{"self":[{"href":"https:\/\/julioymonika.com\/pl\/wp-json\/wp\/v2\/pages\/156"}],"collection":[{"href":"https:\/\/julioymonika.com\/pl\/wp-json\/wp\/v2\/pages"}],"about":[{"href":"https:\/\/julioymonika.com\/pl\/wp-json\/wp\/v2\/types\/page"}],"author":[{"embeddable":true,"href":"https:\/\/julioymonika.com\/pl\/wp-json\/wp\/v2\/users\/1"}],"replies":[{"embeddable":true,"href":"https:\/\/julioymonika.com\/pl\/wp-json\/wp\/v2\/comments?post=156"}],"version-history":[{"count":6,"href":"https:\/\/julioymonika.com\/pl\/wp-json\/wp\/v2\/pages\/156\/revisions"}],"predecessor-version":[{"id":202,"href":"https:\/\/julioymonika.com\/pl\/wp-json\/wp\/v2\/pages\/156\/revisions\/202"}],"wp:attachment":[{"href":"https:\/\/julioymonika.com\/pl\/wp-json\/wp\/v2\/media?parent=156"}],"curies":[{"name":"wp","href":"https:\/\/api.w.org\/{rel}","templated":true}]}}